{"id":466,"date":"2017-06-28T10:34:00","date_gmt":"2017-06-28T09:34:00","guid":{"rendered":"https:\/\/www.gestocks.cat\/?page_id=466\/"},"modified":"2020-10-28T12:41:17","modified_gmt":"2020-10-28T10:41:17","slug":"distribucion","status":"publish","type":"page","link":"https:\/\/www.gestocks.cat\/es\/distribucion\/","title":{"rendered":"Distribuci\u00f3n"},"content":{"rendered":"<p><div class=\"fusion-fullwidth fullwidth-box fusion-parallax-none bannerserveis hundred-percent-fullwidth non-hundred-percent-height-scrolling\"  style='background-color: rgba(255,255,255,0);background-image: url(\"https:\/\/www.gestocks.cat\/wp-content\/uploads\/2020\/05\/stock-picking-servei-distribucio.jpg\");background-position: center top;background-repeat: no-repeat;padding-top:15%;padding-right:30px;padding-bottom:15%;padding-left:30px;border-top-width:0px;border-bottom-width:0px;border-color:#eae9e9;border-top-style:solid;border-bottom-style:solid;-webkit-background-size:cover;-moz-background-size:cover;-o-background-size:cover;background-size:cover;'><div class=\"fusion-builder-row fusion-row \"><\/div><\/div><div class=\"fusion-fullwidth fullwidth-box nonhundred-percent-fullwidth non-hundred-percent-height-scrolling\"  style='background-color: rgba(255,255,255,0);background-position: left top;background-repeat: no-repeat;padding-top:50px;padding-right:0px;padding-bottom:20px;padding-left:0px;border-top-width:0px;border-bottom-width:0px;border-color:#eae9e9;border-top-style:solid;border-bottom-style:solid;'><div class=\"fusion-builder-row fusion-row \"><div  class=\"fusion-layout-column fusion_builder_column fusion_builder_column_1_1 fusion-builder-column-1 fusion-one-full fusion-column-first fusion-column-last fusion-column-no-min-height 1_1\"  style='margin-top:0px;margin-bottom:0px;'>\n\t\t\t\t\t<div class=\"fusion-column-wrapper\" style=\"padding: 0px 0px 0px 0px;background-position:left top;background-repeat:no-repeat;-webkit-background-size:cover;-moz-background-size:cover;-o-background-size:cover;background-size:cover;\"   data-bg-url=\"\">\n\t\t\t\t\t\t<div class=\"imageframe-align-center\"><span class=\"fusion-imageframe imageframe-none imageframe-1 hover-type-none fusion-animated\" data-animationType=\"fadeInDown\" data-animationDuration=\"0.1\" data-animationOffset=\"100%\"><img loading=\"lazy\" decoding=\"async\" src=\"https:\/\/www.gestocks.cat\/wp-content\/uploads\/2017\/05\/distribucio.png\" width=\"111\" height=\"107\" alt=\"\" title=\"distribucio\" class=\"img-responsive wp-image-618\"\/><\/span><\/div><div class=\"fusion-clearfix\"><\/div>\n\n\t\t\t\t\t<\/div>\n\t\t\t\t<\/div><div  class=\"fusion-layout-column fusion_builder_column fusion_builder_column_1_1 fusion-builder-column-2 fusion-one-full fusion-column-first fusion-column-last fusion-column-no-min-height 1_1\"  style='margin-top:0px;margin-bottom:0px;'>\n\t\t\t\t\t<div class=\"fusion-column-wrapper\" style=\"padding: 0px 0px 0px 0px;background-position:left top;background-repeat:no-repeat;-webkit-background-size:cover;-moz-background-size:cover;-o-background-size:cover;background-size:cover;\"   data-bg-url=\"\">\n\t\t\t\t\t\t<div class=\"fusion-title title fusion-title-1 fusion-title-center fusion-title-size-one\" style=\"margin-top:0px;margin-bottom:31px;\"><div class=\"title-sep-container title-sep-container-left\"><div class=\"title-sep sep-double sep-solid\" style=\"border-color:#f15c22;\"><\/div><\/div><h1 class=\"title-heading-center\" style=\"margin:0;\">DISTRIBUCI\u00d3N<\/h1><div class=\"title-sep-container title-sep-container-right\"><div class=\"title-sep sep-double sep-solid\" style=\"border-color:#f15c22;\"><\/div><\/div><\/div><div class=\"fusion-clearfix\"><\/div>\n\n\t\t\t\t\t<\/div>\n\t\t\t\t<\/div><\/div><\/div><div class=\"fusion-fullwidth fullwidth-box nonhundred-percent-fullwidth non-hundred-percent-height-scrolling\"  style='background-color: rgba(255,255,255,0);background-position: left top;background-repeat: no-repeat;padding-top:20px;padding-right:0px;padding-bottom:20px;padding-left:0px;border-top-width:0px;border-bottom-width:0px;border-color:#eae9e9;border-top-style:solid;border-bottom-style:solid;'><div class=\"fusion-builder-row fusion-row \"><div  class=\"fusion-layout-column fusion_builder_column fusion_builder_column_1_6 fusion-builder-column-3 fusion-one-sixth fusion-column-first 1_6\"  style='margin-top:0px;margin-bottom:20px;width:13.3333%; margin-right: 4%;'>\n\t\t\t\t\t<div class=\"fusion-column-wrapper\" style=\"padding: 0px 0px 0px 0px;background-position:left top;background-repeat:no-repeat;-webkit-background-size:cover;-moz-background-size:cover;-o-background-size:cover;background-size:cover;\"   data-bg-url=\"\">\n\t\t\t\t\t\t<div class=\"fusion-clearfix\"><\/div>\n\n\t\t\t\t\t<\/div>\n\t\t\t\t<\/div><div  class=\"fusion-layout-column fusion_builder_column fusion_builder_column_2_3 fusion-builder-column-4 fusion-two-third 2_3\"  style='margin-top:0px;margin-bottom:20px;width:65.3333%; margin-right: 4%;'>\n\t\t\t\t\t<div class=\"fusion-column-wrapper\" style=\"padding: 0px 0px 0px 0px;background-position:left top;background-repeat:no-repeat;-webkit-background-size:cover;-moz-background-size:cover;-o-background-size:cover;background-size:cover;\"   data-bg-url=\"\">\n\t\t\t\t\t\t<div class=\"fusion-text\"><p style=\"text-align: justify;\"><span style=\"color: #ef5d2f;\"><strong>GESTOCKS <\/strong><\/span><span style=\"color: #000000;\">ofrece un servicio de <strong>distribuci\u00f3n<\/strong> de todo tipo de mercanc\u00edas, a cualquier punto y en cualquier momento, siempre adaptado a cada servicio contratado por el cliente. Disponemos de veh\u00edculos de todo tipo de capacidades con el fin de atender los diferentes requerimientos solicitados. Nuestro personal cualificado es garant\u00eda del buen resultado y la mejor calidad en el servicio.<\/span><\/p>\n<\/div><div class=\"fusion-clearfix\"><\/div>\n\n\t\t\t\t\t<\/div>\n\t\t\t\t<\/div><div  class=\"fusion-layout-column fusion_builder_column fusion_builder_column_1_6 fusion-builder-column-5 fusion-one-sixth fusion-column-last 1_6\"  style='margin-top:0px;margin-bottom:20px;width:13.3333%'>\n\t\t\t\t\t<div class=\"fusion-column-wrapper\" style=\"padding: 0px 0px 0px 0px;background-position:left top;background-repeat:no-repeat;-webkit-background-size:cover;-moz-background-size:cover;-o-background-size:cover;background-size:cover;\"   data-bg-url=\"\">\n\t\t\t\t\t\t<div class=\"fusion-clearfix\"><\/div>\n\n\t\t\t\t\t<\/div>\n\t\t\t\t<\/div><\/div><\/div><div class=\"fusion-fullwidth fullwidth-box nonhundred-percent-fullwidth non-hundred-percent-height-scrolling\"  style='background-color: #ffffff;background-position: left top;background-repeat: no-repeat;padding-top:20px;padding-right:0px;padding-bottom:20px;padding-left:0px;border-top-width:0px;border-bottom-width:0px;border-color:#eae9e9;border-top-style:solid;border-bottom-style:solid;'><div class=\"fusion-builder-row fusion-row \"><\/div><\/div><div class=\"fusion-fullwidth fullwidth-box fusion-parallax-none nonhundred-percent-fullwidth non-hundred-percent-height-scrolling\"  style='background-color: rgba(255,255,255,0);background-image: url(\"https:\/\/www.gestocks.cat\/wp-content\/uploads\/2020\/06\/destacat-bn-.jpg\");background-position: right center;background-repeat: no-repeat;padding-top:20px;padding-right:0px;padding-bottom:0px;padding-left:0px;border-top-width:0px;border-bottom-width:0px;border-color:#eae9e9;border-top-style:solid;border-bottom-style:solid;-webkit-background-size:cover;-moz-background-size:cover;-o-background-size:cover;background-size:cover;'><div class=\"fusion-builder-row fusion-row \"><div  class=\"fusion-layout-column fusion_builder_column fusion_builder_column_1_4 fusion-builder-column-6 fusion-one-fourth fusion-column-first 1_4\"  style='margin-top:0px;margin-bottom:20px;width:22%; margin-right: 4%;'>\n\t\t\t\t\t<div class=\"fusion-column-wrapper\" style=\"padding: 0px 0px 0px 0px;background-position:left top;background-repeat:no-repeat;-webkit-background-size:cover;-moz-background-size:cover;-o-background-size:cover;background-size:cover;\"   data-bg-url=\"\">\n\t\t\t\t\t\t<div class=\"fusion-clearfix\"><\/div>\n\n\t\t\t\t\t<\/div>\n\t\t\t\t<\/div><div  class=\"fusion-layout-column fusion_builder_column fusion_builder_column_1_2 fusion-builder-column-7 fusion-one-half 1_2\"  style='margin-top:40px;margin-bottom:20px;width:48%; margin-right: 4%;'>\n\t\t\t\t\t<div class=\"fusion-column-wrapper\" style=\"padding: 0px 0px 0px 0px;background-position:left top;background-repeat:no-repeat;-webkit-background-size:cover;-moz-background-size:cover;-o-background-size:cover;background-size:cover;\"   data-bg-url=\"\">\n\t\t\t\t\t\t<div class=\"fusion-column-content-centered\"><div class=\"fusion-column-content\"><div class=\"fusion-title title fusion-title-2 fusion-title-size-five\" style=\"margin-top:0px;margin-bottom:31px;\"><h5 class=\"title-heading-left\" style=\"margin:0;\"><div class=\"page\" title=\"Page 7\">\n<div class=\"layoutArea\">\n<div class=\"column\">\n<p style=\"text-align: center;\"><span style=\"color: #ffffff;\">Nuestro personal cualificado es garant\u00eda del buen resultado y la mejor calidad en el servicio<\/span><\/p>\n<\/div>\n<\/div>\n<\/div><\/h5><div class=\"title-sep-container\"><div class=\"title-sep sep-double sep-solid\" style=\"border-color:#e0dede;\"><\/div><\/div><\/div><\/div><\/div><div class=\"fusion-clearfix\"><\/div>\n\n\t\t\t\t\t<\/div>\n\t\t\t\t<\/div><div  class=\"fusion-layout-column fusion_builder_column fusion_builder_column_1_4 fusion-builder-column-8 fusion-one-fourth fusion-column-last 1_4\"  style='margin-top:0px;margin-bottom:20px;width:22%'>\n\t\t\t\t\t<div class=\"fusion-column-wrapper\" style=\"padding: 0px 0px 0px 0px;background-position:left top;background-repeat:no-repeat;-webkit-background-size:cover;-moz-background-size:cover;-o-background-size:cover;background-size:cover;\"   data-bg-url=\"\">\n\t\t\t\t\t\t<div class=\"fusion-clearfix\"><\/div>\n\n\t\t\t\t\t<\/div>\n\t\t\t\t<\/div><\/div><\/div><div class=\"fusion-fullwidth fullwidth-box nonhundred-percent-fullwidth non-hundred-percent-height-scrolling fusion-equal-height-columns\"  style='background-color: rgba(255,255,255,0);background-position: left top;background-repeat: no-repeat;padding-top:4%;padding-right:0px;padding-bottom:2%;padding-left:0px;border-top-width:0px;border-bottom-width:0px;border-color:#eae9e9;border-top-style:solid;border-bottom-style:solid;'><div class=\"fusion-builder-row fusion-row \"><div  class=\"fusion-layout-column fusion_builder_column fusion_builder_column_1_3 fusion-builder-column-9 fusion-one-third fusion-column-first 1_3\"  style='margin-top:30px;margin-bottom:20px;width:30.6666%; margin-right: 4%;'>\n\t\t\t\t\t<div class=\"fusion-column-wrapper\" style=\"padding: 10px 10px 10px 10px;background-position:left top;background-repeat:no-repeat;-webkit-background-size:cover;-moz-background-size:cover;-o-background-size:cover;background-size:cover;\"   data-bg-url=\"\">\n\t\t\t\t\t\t<div class=\"fusion-column-content-centered\"><div class=\"fusion-column-content\"><div class=\"fusion-text\"><p style=\"text-align: center;\"><img loading=\"lazy\" decoding=\"async\" class=\"alignnone wp-image-331 size-full\" src=\"https:\/\/www.gestocks.cat\/wp-content\/uploads\/2017\/05\/07.png\" width=\"87\" height=\"84\" \/><\/p>\n<h3 style=\"text-align: center;\"><span style=\"color: #000000;\"><strong>FLEXIBILIDAD<\/strong><\/span><\/h3>\n<p style=\"text-align: justify;\">Una buena distribuci\u00f3n asegura una mejor eficiencia y agilidad en los procesos. Proporciona facilidad y flexibilidad para ajustarse a los cambios o modificaciones que puedan surgir.<\/p>\n<\/div><\/div><\/div><div class=\"fusion-clearfix\"><\/div>\n\n\t\t\t\t\t<\/div>\n\t\t\t\t<\/div><div  class=\"fusion-layout-column fusion_builder_column fusion_builder_column_1_3 fusion-builder-column-10 fusion-one-third 1_3\"  style='margin-top:30px;margin-bottom:20px;width:30.6666%; margin-right: 4%;'>\n\t\t\t\t\t<div class=\"fusion-column-wrapper\" style=\"padding: 10px 10px 10px 10px;background-position:left top;background-repeat:no-repeat;-webkit-background-size:cover;-moz-background-size:cover;-o-background-size:cover;background-size:cover;\"   data-bg-url=\"\">\n\t\t\t\t\t\t<div class=\"fusion-column-content-centered\"><div class=\"fusion-column-content\"><div class=\"fusion-text\"><p style=\"text-align: center;\"><img loading=\"lazy\" decoding=\"async\" class=\"alignnone wp-image-336 size-full\" src=\"https:\/\/www.gestocks.cat\/wp-content\/uploads\/2017\/05\/08.png\" width=\"87\" height=\"84\" \/><\/p>\n<h3 style=\"text-align: center;\"><span style=\"color: #000000;\"><strong>ADAPTABILIDAD<\/strong><\/span><\/h3>\n<p style=\"text-align: justify;\">Gracias a la gran infraestructura de nuestros veh\u00edculos y sus capacidades, podemos asegurar una distribuci\u00f3n que se adapta a cualquier tipo de volumen y localizaci\u00f3n.<\/p>\n<\/div><\/div><\/div><div class=\"fusion-clearfix\"><\/div>\n\n\t\t\t\t\t<\/div>\n\t\t\t\t<\/div><div  class=\"fusion-layout-column fusion_builder_column fusion_builder_column_1_3 fusion-builder-column-11 fusion-one-third fusion-column-last 1_3\"  style='margin-top:30px;margin-bottom:20px;width:30.6666%'>\n\t\t\t\t\t<div class=\"fusion-column-wrapper\" style=\"padding: 10px 10px 10px 10px;background-position:left top;background-repeat:no-repeat;-webkit-background-size:cover;-moz-background-size:cover;-o-background-size:cover;background-size:cover;\"   data-bg-url=\"\">\n\t\t\t\t\t\t<div class=\"fusion-column-content-centered\"><div class=\"fusion-column-content\"><div class=\"fusion-text\"><p style=\"text-align: center;\"><img loading=\"lazy\" decoding=\"async\" class=\"alignnone wp-image-337 size-full\" src=\"https:\/\/www.gestocks.cat\/wp-content\/uploads\/2017\/05\/09.png\" width=\"87\" height=\"84\" \/><\/p>\n<h3 style=\"text-align: center;\"><span style=\"color: #000000;\"><strong>EXPANSI\u00d3N<\/strong><\/span><\/h3>\n<p style=\"text-align: justify;\">Gracias al conocimiento de las leyes del comercio y la consolidaci\u00f3n de diferentes redes comerciales, una distribuci\u00f3n externa aporta seguridad y confianza. Adem\u00e1s, el trato directo con los clientes puede producir una expansi\u00f3n de mercado.<\/p>\n<\/div><\/div><\/div><div class=\"fusion-clearfix\"><\/div>\n\n\t\t\t\t\t<\/div>\n\t\t\t\t<\/div><\/div><\/div><\/p>\n","protected":false},"excerpt":{"rendered":"","protected":false},"author":3,"featured_media":0,"parent":0,"menu_order":0,"comment_status":"closed","ping_status":"closed","template":"100-width.php","meta":{"footnotes":""},"class_list":["post-466","page","type-page","status-publish","hentry"],"yoast_head":"<!-- This site is optimized with the Yoast SEO plugin v24.8.1 - https:\/\/yoast.com\/wordpress\/plugins\/seo\/ -->\n<title>Distribuci\u00f3 \u00b7 Gestocks<\/title>\n<meta name=\"description\" content=\"Ofrecemos un servicio de distribuci\u00f3n de todo tipo de mercanc\u00edas, a cualquier punto y en cualquier momento, siempre segun necesidades de cada cliente.\" \/>\n<meta name=\"robots\" content=\"index, follow, max-snippet:-1, max-image-preview:large, max-video-preview:-1\" \/>\n<link rel=\"canonical\" href=\"https:\/\/www.gestocks.cat\/es\/distribucion\/\" \/>\n<meta property=\"og:locale\" content=\"es_ES\" \/>\n<meta property=\"og:type\" content=\"article\" \/>\n<meta property=\"og:title\" content=\"Distribuci\u00f3 \u00b7 Gestocks\" \/>\n<meta property=\"og:description\" content=\"Ofrecemos un servicio de distribuci\u00f3n de todo tipo de mercanc\u00edas, a cualquier punto y en cualquier momento, siempre segun necesidades de cada cliente.\" \/>\n<meta property=\"og:url\" content=\"https:\/\/www.gestocks.cat\/es\/distribucion\/\" \/>\n<meta property=\"og:site_name\" content=\"Gestocks Girona\" \/>\n<meta property=\"article:modified_time\" content=\"2020-10-28T10:41:17+00:00\" \/>\n<meta property=\"og:image\" content=\"https:\/\/www.gestocks.cat\/wp-content\/uploads\/2017\/05\/distribucio.png\" \/>\n<meta name=\"twitter:card\" content=\"summary_large_image\" \/>\n<meta name=\"twitter:label1\" content=\"Tiempo de lectura\" \/>\n\t<meta name=\"twitter:data1\" content=\"8 minutos\" \/>\n<script type=\"application\/ld+json\" class=\"yoast-schema-graph\">{\"@context\":\"https:\/\/schema.org\",\"@graph\":[{\"@type\":\"WebPage\",\"@id\":\"https:\/\/www.gestocks.cat\/es\/distribucion\/\",\"url\":\"https:\/\/www.gestocks.cat\/es\/distribucion\/\",\"name\":\"Distribuci\u00f3 \u00b7 Gestocks\",\"isPartOf\":{\"@id\":\"https:\/\/www.gestocks.cat\/es\/#website\"},\"primaryImageOfPage\":{\"@id\":\"https:\/\/www.gestocks.cat\/es\/distribucion\/#primaryimage\"},\"image\":{\"@id\":\"https:\/\/www.gestocks.cat\/es\/distribucion\/#primaryimage\"},\"thumbnailUrl\":\"https:\/\/www.gestocks.cat\/wp-content\/uploads\/2017\/05\/distribucio.png\",\"datePublished\":\"2017-06-28T09:34:00+00:00\",\"dateModified\":\"2020-10-28T10:41:17+00:00\",\"description\":\"Ofrecemos un servicio de distribuci\u00f3n de todo tipo de mercanc\u00edas, a cualquier punto y en cualquier momento, siempre segun necesidades de cada cliente.\",\"breadcrumb\":{\"@id\":\"https:\/\/www.gestocks.cat\/es\/distribucion\/#breadcrumb\"},\"inLanguage\":\"es\",\"potentialAction\":[{\"@type\":\"ReadAction\",\"target\":[\"https:\/\/www.gestocks.cat\/es\/distribucion\/\"]}]},{\"@type\":\"ImageObject\",\"inLanguage\":\"es\",\"@id\":\"https:\/\/www.gestocks.cat\/es\/distribucion\/#primaryimage\",\"url\":\"https:\/\/www.gestocks.cat\/wp-content\/uploads\/2017\/05\/distribucio.png\",\"contentUrl\":\"https:\/\/www.gestocks.cat\/wp-content\/uploads\/2017\/05\/distribucio.png\"},{\"@type\":\"BreadcrumbList\",\"@id\":\"https:\/\/www.gestocks.cat\/es\/distribucion\/#breadcrumb\",\"itemListElement\":[{\"@type\":\"ListItem\",\"position\":1,\"name\":\"Inici\",\"item\":\"https:\/\/www.gestocks.cat\/es\/\"},{\"@type\":\"ListItem\",\"position\":2,\"name\":\"Distribuci\u00f3n\"}]},{\"@type\":\"WebSite\",\"@id\":\"https:\/\/www.gestocks.cat\/es\/#website\",\"url\":\"https:\/\/www.gestocks.cat\/es\/\",\"name\":\"Gestocks Girona\",\"description\":\"log\u00edstica integral\",\"publisher\":{\"@id\":\"https:\/\/www.gestocks.cat\/es\/#organization\"},\"potentialAction\":[{\"@type\":\"SearchAction\",\"target\":{\"@type\":\"EntryPoint\",\"urlTemplate\":\"https:\/\/www.gestocks.cat\/es\/?s={search_term_string}\"},\"query-input\":{\"@type\":\"PropertyValueSpecification\",\"valueRequired\":true,\"valueName\":\"search_term_string\"}}],\"inLanguage\":\"es\"},{\"@type\":\"Organization\",\"@id\":\"https:\/\/www.gestocks.cat\/es\/#organization\",\"name\":\"Gestocks, log\u00edstica integral\",\"url\":\"https:\/\/www.gestocks.cat\/es\/\",\"logo\":{\"@type\":\"ImageObject\",\"inLanguage\":\"es\",\"@id\":\"https:\/\/www.gestocks.cat\/es\/#\/schema\/logo\/image\/\",\"url\":\"https:\/\/www.gestocks.cat\/wp-content\/uploads\/2016\/05\/LOGO-150.jpg\",\"contentUrl\":\"https:\/\/www.gestocks.cat\/wp-content\/uploads\/2016\/05\/LOGO-150.jpg\",\"width\":150,\"height\":92,\"caption\":\"Gestocks, log\u00edstica integral\"},\"image\":{\"@id\":\"https:\/\/www.gestocks.cat\/es\/#\/schema\/logo\/image\/\"}}]}<\/script>\n<!-- \/ Yoast SEO plugin. -->","yoast_head_json":{"title":"Distribuci\u00f3 \u00b7 Gestocks","description":"Ofrecemos un servicio de distribuci\u00f3n de todo tipo de mercanc\u00edas, a cualquier punto y en cualquier momento, siempre segun necesidades de cada cliente.","robots":{"index":"index","follow":"follow","max-snippet":"max-snippet:-1","max-image-preview":"max-image-preview:large","max-video-preview":"max-video-preview:-1"},"canonical":"https:\/\/www.gestocks.cat\/es\/distribucion\/","og_locale":"es_ES","og_type":"article","og_title":"Distribuci\u00f3 \u00b7 Gestocks","og_description":"Ofrecemos un servicio de distribuci\u00f3n de todo tipo de mercanc\u00edas, a cualquier punto y en cualquier momento, siempre segun necesidades de cada cliente.","og_url":"https:\/\/www.gestocks.cat\/es\/distribucion\/","og_site_name":"Gestocks Girona","article_modified_time":"2020-10-28T10:41:17+00:00","og_image":[{"url":"https:\/\/www.gestocks.cat\/wp-content\/uploads\/2017\/05\/distribucio.png","type":"","width":"","height":""}],"twitter_card":"summary_large_image","twitter_misc":{"Tiempo de lectura":"8 minutos"},"schema":{"@context":"https:\/\/schema.org","@graph":[{"@type":"WebPage","@id":"https:\/\/www.gestocks.cat\/es\/distribucion\/","url":"https:\/\/www.gestocks.cat\/es\/distribucion\/","name":"Distribuci\u00f3 \u00b7 Gestocks","isPartOf":{"@id":"https:\/\/www.gestocks.cat\/es\/#website"},"primaryImageOfPage":{"@id":"https:\/\/www.gestocks.cat\/es\/distribucion\/#primaryimage"},"image":{"@id":"https:\/\/www.gestocks.cat\/es\/distribucion\/#primaryimage"},"thumbnailUrl":"https:\/\/www.gestocks.cat\/wp-content\/uploads\/2017\/05\/distribucio.png","datePublished":"2017-06-28T09:34:00+00:00","dateModified":"2020-10-28T10:41:17+00:00","description":"Ofrecemos un servicio de distribuci\u00f3n de todo tipo de mercanc\u00edas, a cualquier punto y en cualquier momento, siempre segun necesidades de cada cliente.","breadcrumb":{"@id":"https:\/\/www.gestocks.cat\/es\/distribucion\/#breadcrumb"},"inLanguage":"es","potentialAction":[{"@type":"ReadAction","target":["https:\/\/www.gestocks.cat\/es\/distribucion\/"]}]},{"@type":"ImageObject","inLanguage":"es","@id":"https:\/\/www.gestocks.cat\/es\/distribucion\/#primaryimage","url":"https:\/\/www.gestocks.cat\/wp-content\/uploads\/2017\/05\/distribucio.png","contentUrl":"https:\/\/www.gestocks.cat\/wp-content\/uploads\/2017\/05\/distribucio.png"},{"@type":"BreadcrumbList","@id":"https:\/\/www.gestocks.cat\/es\/distribucion\/#breadcrumb","itemListElement":[{"@type":"ListItem","position":1,"name":"Inici","item":"https:\/\/www.gestocks.cat\/es\/"},{"@type":"ListItem","position":2,"name":"Distribuci\u00f3n"}]},{"@type":"WebSite","@id":"https:\/\/www.gestocks.cat\/es\/#website","url":"https:\/\/www.gestocks.cat\/es\/","name":"Gestocks Girona","description":"log\u00edstica integral","publisher":{"@id":"https:\/\/www.gestocks.cat\/es\/#organization"},"potentialAction":[{"@type":"SearchAction","target":{"@type":"EntryPoint","urlTemplate":"https:\/\/www.gestocks.cat\/es\/?s={search_term_string}"},"query-input":{"@type":"PropertyValueSpecification","valueRequired":true,"valueName":"search_term_string"}}],"inLanguage":"es"},{"@type":"Organization","@id":"https:\/\/www.gestocks.cat\/es\/#organization","name":"Gestocks, log\u00edstica integral","url":"https:\/\/www.gestocks.cat\/es\/","logo":{"@type":"ImageObject","inLanguage":"es","@id":"https:\/\/www.gestocks.cat\/es\/#\/schema\/logo\/image\/","url":"https:\/\/www.gestocks.cat\/wp-content\/uploads\/2016\/05\/LOGO-150.jpg","contentUrl":"https:\/\/www.gestocks.cat\/wp-content\/uploads\/2016\/05\/LOGO-150.jpg","width":150,"height":92,"caption":"Gestocks, log\u00edstica integral"},"image":{"@id":"https:\/\/www.gestocks.cat\/es\/#\/schema\/logo\/image\/"}}]}},"_links":{"self":[{"href":"https:\/\/www.gestocks.cat\/es\/wp-json\/wp\/v2\/pages\/466","targetHints":{"allow":["GET"]}}],"collection":[{"href":"https:\/\/www.gestocks.cat\/es\/wp-json\/wp\/v2\/pages"}],"about":[{"href":"https:\/\/www.gestocks.cat\/es\/wp-json\/wp\/v2\/types\/page"}],"author":[{"embeddable":true,"href":"https:\/\/www.gestocks.cat\/es\/wp-json\/wp\/v2\/users\/3"}],"replies":[{"embeddable":true,"href":"https:\/\/www.gestocks.cat\/es\/wp-json\/wp\/v2\/comments?post=466"}],"version-history":[{"count":0,"href":"https:\/\/www.gestocks.cat\/es\/wp-json\/wp\/v2\/pages\/466\/revisions"}],"wp:attachment":[{"href":"https:\/\/www.gestocks.cat\/es\/wp-json\/wp\/v2\/media?parent=466"}],"curies":[{"name":"wp","href":"https:\/\/api.w.org\/{rel}","templated":true}]}}