{"id":467,"date":"2017-06-28T10:33:13","date_gmt":"2017-06-28T09:33:13","guid":{"rendered":"https:\/\/www.gestocks.cat\/?page_id=467\/"},"modified":"2020-10-28T12:43:44","modified_gmt":"2020-10-28T10:43:44","slug":"picking","status":"publish","type":"page","link":"https:\/\/www.gestocks.cat\/es\/picking\/","title":{"rendered":"Picking"},"content":{"rendered":"<p><div class=\"fusion-fullwidth fullwidth-box fusion-parallax-none bannerserveis hundred-percent-fullwidth non-hundred-percent-height-scrolling\"  style='background-color: rgba(255,255,255,0);background-image: url(\"https:\/\/www.gestocks.cat\/wp-content\/uploads\/2020\/05\/Stock-Picking-servei-picking.jpg\");background-position: center top;background-repeat: no-repeat;padding-top:15%;padding-right:30px;padding-bottom:15%;padding-left:30px;border-top-width:0px;border-bottom-width:0px;border-color:#eae9e9;border-top-style:solid;border-bottom-style:solid;-webkit-background-size:cover;-moz-background-size:cover;-o-background-size:cover;background-size:cover;'><div class=\"fusion-builder-row fusion-row \"><\/div><\/div><div class=\"fusion-fullwidth fullwidth-box nonhundred-percent-fullwidth non-hundred-percent-height-scrolling\"  style='background-color: rgba(255,255,255,0);background-position: left top;background-repeat: no-repeat;padding-top:50px;padding-right:0px;padding-bottom:20px;padding-left:0px;border-top-width:0px;border-bottom-width:0px;border-color:#eae9e9;border-top-style:solid;border-bottom-style:solid;'><div class=\"fusion-builder-row fusion-row \"><div  class=\"fusion-layout-column fusion_builder_column fusion_builder_column_1_1 fusion-builder-column-1 fusion-one-full fusion-column-first fusion-column-last fusion-column-no-min-height 1_1\"  style='margin-top:0px;margin-bottom:0px;'>\n\t\t\t\t\t<div class=\"fusion-column-wrapper\" style=\"padding: 0px 0px 0px 0px;background-position:left top;background-repeat:no-repeat;-webkit-background-size:cover;-moz-background-size:cover;-o-background-size:cover;background-size:cover;\"   data-bg-url=\"\">\n\t\t\t\t\t\t<div class=\"imageframe-align-center\"><span class=\"fusion-imageframe imageframe-none imageframe-1 hover-type-none fusion-animated\" data-animationType=\"fadeInDown\" data-animationDuration=\"0.1\" data-animationOffset=\"100%\"><img loading=\"lazy\" decoding=\"async\" src=\"https:\/\/www.gestocks.cat\/wp-content\/uploads\/2017\/05\/PICKING.png\" width=\"111\" height=\"107\" alt=\"\" title=\"PICKING\" class=\"img-responsive wp-image-613\"\/><\/span><\/div><div class=\"fusion-clearfix\"><\/div>\n\n\t\t\t\t\t<\/div>\n\t\t\t\t<\/div><div  class=\"fusion-layout-column fusion_builder_column fusion_builder_column_1_1 fusion-builder-column-2 fusion-one-full fusion-column-first fusion-column-last fusion-column-no-min-height 1_1\"  style='margin-top:0px;margin-bottom:0px;'>\n\t\t\t\t\t<div class=\"fusion-column-wrapper\" style=\"padding: 0px 0px 0px 0px;background-position:left top;background-repeat:no-repeat;-webkit-background-size:cover;-moz-background-size:cover;-o-background-size:cover;background-size:cover;\"   data-bg-url=\"\">\n\t\t\t\t\t\t<div class=\"fusion-title title fusion-title-1 fusion-title-center fusion-title-size-one\" style=\"margin-top:0px;margin-bottom:31px;\"><div class=\"title-sep-container title-sep-container-left\"><div class=\"title-sep sep-double sep-solid\" style=\"border-color:#f15c22;\"><\/div><\/div><h1 class=\"title-heading-center\" style=\"margin:0;\">PICKING<\/h1><div class=\"title-sep-container title-sep-container-right\"><div class=\"title-sep sep-double sep-solid\" style=\"border-color:#f15c22;\"><\/div><\/div><\/div><div class=\"fusion-clearfix\"><\/div>\n\n\t\t\t\t\t<\/div>\n\t\t\t\t<\/div><\/div><\/div><div class=\"fusion-fullwidth fullwidth-box nonhundred-percent-fullwidth non-hundred-percent-height-scrolling\"  style='background-color: rgba(255,255,255,0);background-position: left top;background-repeat: no-repeat;padding-top:20px;padding-right:0px;padding-bottom:20px;padding-left:0px;border-top-width:0px;border-bottom-width:0px;border-color:#eae9e9;border-top-style:solid;border-bottom-style:solid;'><div class=\"fusion-builder-row fusion-row \"><div  class=\"fusion-layout-column fusion_builder_column fusion_builder_column_1_6 fusion-builder-column-3 fusion-one-sixth fusion-column-first 1_6\"  style='margin-top:0px;margin-bottom:20px;width:13.3333%; margin-right: 4%;'>\n\t\t\t\t\t<div class=\"fusion-column-wrapper\" style=\"padding: 0px 0px 0px 0px;background-position:left top;background-repeat:no-repeat;-webkit-background-size:cover;-moz-background-size:cover;-o-background-size:cover;background-size:cover;\"   data-bg-url=\"\">\n\t\t\t\t\t\t<div class=\"fusion-clearfix\"><\/div>\n\n\t\t\t\t\t<\/div>\n\t\t\t\t<\/div><div  class=\"fusion-layout-column fusion_builder_column fusion_builder_column_2_3 fusion-builder-column-4 fusion-two-third 2_3\"  style='margin-top:0px;margin-bottom:20px;width:65.3333%; margin-right: 4%;'>\n\t\t\t\t\t<div class=\"fusion-column-wrapper\" style=\"padding: 0px 0px 0px 0px;background-position:left top;background-repeat:no-repeat;-webkit-background-size:cover;-moz-background-size:cover;-o-background-size:cover;background-size:cover;\"   data-bg-url=\"\">\n\t\t\t\t\t\t<div class=\"fusion-text\"><p style=\"text-align: justify;\"><span style=\"color: #000000;\"><span style=\"color: #ef5d2f;\"><strong>GESTOCKS <\/strong><\/span>ofrece un servicio de <strong>picking<\/strong> \u00e1gil y personalizado seg\u00fan las necesidades del cliente.\u00a0Disponemos de sistemas que garantizan el control y el seguimiento de los servicios de <strong>picking<\/strong> y aplicamos las medidas de <strong>control de stocks<\/strong> necesarias con el fin de mantener en todo momento la mercanc\u00eda del cliente cuantificada.<\/span><\/p>\n<\/div><div class=\"fusion-clearfix\"><\/div>\n\n\t\t\t\t\t<\/div>\n\t\t\t\t<\/div><div  class=\"fusion-layout-column fusion_builder_column fusion_builder_column_1_6 fusion-builder-column-5 fusion-one-sixth fusion-column-last 1_6\"  style='margin-top:0px;margin-bottom:20px;width:13.3333%'>\n\t\t\t\t\t<div class=\"fusion-column-wrapper\" style=\"padding: 0px 0px 0px 0px;background-position:left top;background-repeat:no-repeat;-webkit-background-size:cover;-moz-background-size:cover;-o-background-size:cover;background-size:cover;\"   data-bg-url=\"\">\n\t\t\t\t\t\t<div class=\"fusion-clearfix\"><\/div>\n\n\t\t\t\t\t<\/div>\n\t\t\t\t<\/div><\/div><\/div><div class=\"fusion-fullwidth fullwidth-box nonhundred-percent-fullwidth non-hundred-percent-height-scrolling\"  style='background-color: #ffffff;background-position: left top;background-repeat: no-repeat;padding-top:20px;padding-right:0px;padding-bottom:20px;padding-left:0px;border-top-width:0px;border-bottom-width:0px;border-color:#eae9e9;border-top-style:solid;border-bottom-style:solid;'><div class=\"fusion-builder-row fusion-row \"><\/div><\/div><div class=\"fusion-fullwidth fullwidth-box fusion-parallax-none nonhundred-percent-fullwidth non-hundred-percent-height-scrolling\"  style='background-color: rgba(255,255,255,0);background-image: url(\"https:\/\/www.gestocks.cat\/wp-content\/uploads\/2020\/06\/destacat-bn-.jpg\");background-position: right center;background-repeat: no-repeat;padding-top:20px;padding-right:0px;padding-bottom:0px;padding-left:0px;border-top-width:0px;border-bottom-width:0px;border-color:#eae9e9;border-top-style:solid;border-bottom-style:solid;-webkit-background-size:cover;-moz-background-size:cover;-o-background-size:cover;background-size:cover;'><div class=\"fusion-builder-row fusion-row \"><div  class=\"fusion-layout-column fusion_builder_column fusion_builder_column_1_4 fusion-builder-column-6 fusion-one-fourth fusion-column-first 1_4\"  style='margin-top:0px;margin-bottom:20px;width:22%; margin-right: 4%;'>\n\t\t\t\t\t<div class=\"fusion-column-wrapper\" style=\"padding: 0px 0px 0px 0px;background-position:left top;background-repeat:no-repeat;-webkit-background-size:cover;-moz-background-size:cover;-o-background-size:cover;background-size:cover;\"   data-bg-url=\"\">\n\t\t\t\t\t\t<div class=\"fusion-clearfix\"><\/div>\n\n\t\t\t\t\t<\/div>\n\t\t\t\t<\/div><div  class=\"fusion-layout-column fusion_builder_column fusion_builder_column_1_2 fusion-builder-column-7 fusion-one-half 1_2\"  style='margin-top:40px;margin-bottom:20px;width:48%; margin-right: 4%;'>\n\t\t\t\t\t<div class=\"fusion-column-wrapper\" style=\"padding: 0px 0px 0px 0px;background-position:left top;background-repeat:no-repeat;-webkit-background-size:cover;-moz-background-size:cover;-o-background-size:cover;background-size:cover;\"   data-bg-url=\"\">\n\t\t\t\t\t\t<div class=\"fusion-column-content-centered\"><div class=\"fusion-column-content\"><div class=\"fusion-title title fusion-title-2 fusion-title-size-five\" style=\"margin-top:0px;margin-bottom:31px;\"><h5 class=\"title-heading-left\" style=\"margin:0;\"><p style=\"text-align: center;\"><span style=\"color: #ffffff;\">Ofrecemos un servicio \u00e1gil y personalizado seg\u00fan las necesidades del cliente<\/span><\/p><\/h5><div class=\"title-sep-container\"><div class=\"title-sep sep-double sep-solid\" style=\"border-color:#e0dede;\"><\/div><\/div><\/div><\/div><\/div><div class=\"fusion-clearfix\"><\/div>\n\n\t\t\t\t\t<\/div>\n\t\t\t\t<\/div><div  class=\"fusion-layout-column fusion_builder_column fusion_builder_column_1_4 fusion-builder-column-8 fusion-one-fourth fusion-column-last 1_4\"  style='margin-top:0px;margin-bottom:20px;width:22%'>\n\t\t\t\t\t<div class=\"fusion-column-wrapper\" style=\"padding: 0px 0px 0px 0px;background-position:left top;background-repeat:no-repeat;-webkit-background-size:cover;-moz-background-size:cover;-o-background-size:cover;background-size:cover;\"   data-bg-url=\"\">\n\t\t\t\t\t\t<div class=\"fusion-clearfix\"><\/div>\n\n\t\t\t\t\t<\/div>\n\t\t\t\t<\/div><\/div><\/div><div class=\"fusion-fullwidth fullwidth-box nonhundred-percent-fullwidth non-hundred-percent-height-scrolling fusion-equal-height-columns\"  style='background-color: rgba(255,255,255,0);background-position: left top;background-repeat: no-repeat;padding-top:4%;padding-right:0px;padding-bottom:2%;padding-left:0px;border-top-width:0px;border-bottom-width:0px;border-color:#eae9e9;border-top-style:solid;border-bottom-style:solid;'><div class=\"fusion-builder-row fusion-row \"><div  class=\"fusion-layout-column fusion_builder_column fusion_builder_column_1_3 fusion-builder-column-9 fusion-one-third fusion-column-first 1_3\"  style='margin-top:30px;margin-bottom:20px;width:30.6666%; margin-right: 4%;'>\n\t\t\t\t\t<div class=\"fusion-column-wrapper\" style=\"padding: 10px 10px 10px 10px;background-position:left top;background-repeat:no-repeat;-webkit-background-size:cover;-moz-background-size:cover;-o-background-size:cover;background-size:cover;\"   data-bg-url=\"\">\n\t\t\t\t\t\t<div class=\"fusion-column-content-centered\"><div class=\"fusion-column-content\"><div class=\"fusion-text\"><p style=\"text-align: center;\"><img loading=\"lazy\" decoding=\"async\" class=\"alignnone wp-image-319 size-full\" src=\"https:\/\/www.gestocks.cat\/wp-content\/uploads\/2017\/05\/04.png\" width=\"87\" height=\"84\" \/><\/p>\n<h3 style=\"text-align: center;\"><strong><span style=\"color: #000000;\">\u00c1GIL<\/span><\/strong><\/h3>\n<p style=\"text-align: justify;\">Ofrecemos un servicio de picking \u00e1gil y personalizado para adaptarnos a las caracter\u00edsticas y las necesidades de cada cliente, asegurando un empaquetado eficiente para cualquiera tipo de mercanc\u00edas.<\/p>\n<\/div><\/div><\/div><div class=\"fusion-clearfix\"><\/div>\n\n\t\t\t\t\t<\/div>\n\t\t\t\t<\/div><div  class=\"fusion-layout-column fusion_builder_column fusion_builder_column_1_3 fusion-builder-column-10 fusion-one-third 1_3\"  style='margin-top:40px;margin-bottom:20px;width:30.6666%; margin-right: 4%;'>\n\t\t\t\t\t<div class=\"fusion-column-wrapper\" style=\"padding: 10px 10px 10px 10px;background-position:left top;background-repeat:no-repeat;-webkit-background-size:cover;-moz-background-size:cover;-o-background-size:cover;background-size:cover;\"   data-bg-url=\"\">\n\t\t\t\t\t\t<div class=\"fusion-column-content-centered\"><div class=\"fusion-column-content\"><div class=\"fusion-text\"><p style=\"text-align: center;\"><img loading=\"lazy\" decoding=\"async\" class=\"alignnone wp-image-336 size-full\" src=\"https:\/\/www.gestocks.cat\/wp-content\/uploads\/2017\/05\/08.png\" width=\"87\" height=\"84\" \/><\/p>\n<h3 style=\"text-align: center;\"><span style=\"color: #000000;\"><strong>SERVICIO \u00cdNTEGRO<\/strong><\/span><\/h3>\n<p style=\"text-align: justify;\">Disponemos de la infraestructura y las m\u00e1quinas necesarias para ofrecer un servicio \u00edntegro de picking con encaje de unidades, manipulaci\u00f3n de cajas, etiquetado, abastecimiento y construcci\u00f3n de <em>pallets<\/em>.<\/p>\n<\/div><\/div><\/div><div class=\"fusion-clearfix\"><\/div>\n\n\t\t\t\t\t<\/div>\n\t\t\t\t<\/div><div  class=\"fusion-layout-column fusion_builder_column fusion_builder_column_1_3 fusion-builder-column-11 fusion-one-third fusion-column-last 1_3\"  style='margin-top:30px;margin-bottom:20px;width:30.6666%'>\n\t\t\t\t\t<div class=\"fusion-column-wrapper\" style=\"padding: 10px 10px 10px 10px;background-position:left top;background-repeat:no-repeat;-webkit-background-size:cover;-moz-background-size:cover;-o-background-size:cover;background-size:cover;\"   data-bg-url=\"\">\n\t\t\t\t\t\t<div class=\"fusion-column-content-centered\"><div class=\"fusion-column-content\"><div class=\"fusion-text\"><p style=\"text-align: center;\"><img loading=\"lazy\" decoding=\"async\" class=\"alignnone wp-image-343 size-full\" src=\"https:\/\/www.gestocks.cat\/wp-content\/uploads\/2017\/05\/11.png\" width=\"87\" height=\"84\" \/><\/p>\n<h3 style=\"text-align: center;\"><span style=\"color: #000000;\"><strong>CONTROL<\/strong><\/span><\/h3>\n<p style=\"text-align: justify;\">Disponemos de sistemas que garantizan el control y el seguimiento de los servicios de picking con medidas que aseguran un mantenimiento de la mercanc\u00eda del cliente cualificada.<\/p>\n<\/div><\/div><\/div><div class=\"fusion-clearfix\"><\/div>\n\n\t\t\t\t\t<\/div>\n\t\t\t\t<\/div><\/div><\/div><\/p>\n","protected":false},"excerpt":{"rendered":"","protected":false},"author":3,"featured_media":0,"parent":0,"menu_order":0,"comment_status":"closed","ping_status":"closed","template":"100-width.php","meta":{"footnotes":""},"class_list":["post-467","page","type-page","status-publish","hentry"],"yoast_head":"<!-- This site is optimized with the Yoast SEO plugin v24.8.1 - https:\/\/yoast.com\/wordpress\/plugins\/seo\/ -->\n<title>Servicio de picking \u00b7 Gestocks<\/title>\n<meta name=\"description\" content=\"Ofrecemos un servicio de\u00a0picking\u00a0\u00e1gil y personalizado seg\u00fan las necesidades del cliente.\u00a0Disponemos de sistemas que garantizan el control.\" \/>\n<meta name=\"robots\" content=\"index, follow, max-snippet:-1, max-image-preview:large, max-video-preview:-1\" \/>\n<link rel=\"canonical\" href=\"https:\/\/www.gestocks.cat\/es\/picking\/\" \/>\n<meta property=\"og:locale\" content=\"es_ES\" \/>\n<meta property=\"og:type\" content=\"article\" \/>\n<meta property=\"og:title\" content=\"Servicio de picking \u00b7 Gestocks\" \/>\n<meta property=\"og:description\" content=\"Ofrecemos un servicio de\u00a0picking\u00a0\u00e1gil y personalizado seg\u00fan las necesidades del cliente.\u00a0Disponemos de sistemas que garantizan el control.\" \/>\n<meta property=\"og:url\" content=\"https:\/\/www.gestocks.cat\/es\/picking\/\" \/>\n<meta property=\"og:site_name\" content=\"Gestocks Girona\" \/>\n<meta property=\"article:modified_time\" content=\"2020-10-28T10:43:44+00:00\" \/>\n<meta property=\"og:image\" content=\"https:\/\/www.gestocks.cat\/wp-content\/uploads\/2017\/05\/PICKING.png\" \/>\n<meta name=\"twitter:card\" content=\"summary_large_image\" \/>\n<meta name=\"twitter:label1\" content=\"Tiempo de lectura\" \/>\n\t<meta name=\"twitter:data1\" content=\"8 minutos\" \/>\n<script type=\"application\/ld+json\" class=\"yoast-schema-graph\">{\"@context\":\"https:\/\/schema.org\",\"@graph\":[{\"@type\":\"WebPage\",\"@id\":\"https:\/\/www.gestocks.cat\/es\/picking\/\",\"url\":\"https:\/\/www.gestocks.cat\/es\/picking\/\",\"name\":\"Servicio de picking \u00b7 Gestocks\",\"isPartOf\":{\"@id\":\"https:\/\/www.gestocks.cat\/es\/#website\"},\"primaryImageOfPage\":{\"@id\":\"https:\/\/www.gestocks.cat\/es\/picking\/#primaryimage\"},\"image\":{\"@id\":\"https:\/\/www.gestocks.cat\/es\/picking\/#primaryimage\"},\"thumbnailUrl\":\"https:\/\/www.gestocks.cat\/wp-content\/uploads\/2017\/05\/PICKING.png\",\"datePublished\":\"2017-06-28T09:33:13+00:00\",\"dateModified\":\"2020-10-28T10:43:44+00:00\",\"description\":\"Ofrecemos un servicio de\u00a0picking\u00a0\u00e1gil y personalizado seg\u00fan las necesidades del cliente.\u00a0Disponemos de sistemas que garantizan el control.\",\"breadcrumb\":{\"@id\":\"https:\/\/www.gestocks.cat\/es\/picking\/#breadcrumb\"},\"inLanguage\":\"es\",\"potentialAction\":[{\"@type\":\"ReadAction\",\"target\":[\"https:\/\/www.gestocks.cat\/es\/picking\/\"]}]},{\"@type\":\"ImageObject\",\"inLanguage\":\"es\",\"@id\":\"https:\/\/www.gestocks.cat\/es\/picking\/#primaryimage\",\"url\":\"https:\/\/www.gestocks.cat\/wp-content\/uploads\/2017\/05\/PICKING.png\",\"contentUrl\":\"https:\/\/www.gestocks.cat\/wp-content\/uploads\/2017\/05\/PICKING.png\"},{\"@type\":\"BreadcrumbList\",\"@id\":\"https:\/\/www.gestocks.cat\/es\/picking\/#breadcrumb\",\"itemListElement\":[{\"@type\":\"ListItem\",\"position\":1,\"name\":\"Inici\",\"item\":\"https:\/\/www.gestocks.cat\/es\/\"},{\"@type\":\"ListItem\",\"position\":2,\"name\":\"Picking\"}]},{\"@type\":\"WebSite\",\"@id\":\"https:\/\/www.gestocks.cat\/es\/#website\",\"url\":\"https:\/\/www.gestocks.cat\/es\/\",\"name\":\"Gestocks Girona\",\"description\":\"log\u00edstica integral\",\"publisher\":{\"@id\":\"https:\/\/www.gestocks.cat\/es\/#organization\"},\"potentialAction\":[{\"@type\":\"SearchAction\",\"target\":{\"@type\":\"EntryPoint\",\"urlTemplate\":\"https:\/\/www.gestocks.cat\/es\/?s={search_term_string}\"},\"query-input\":{\"@type\":\"PropertyValueSpecification\",\"valueRequired\":true,\"valueName\":\"search_term_string\"}}],\"inLanguage\":\"es\"},{\"@type\":\"Organization\",\"@id\":\"https:\/\/www.gestocks.cat\/es\/#organization\",\"name\":\"Gestocks, log\u00edstica integral\",\"url\":\"https:\/\/www.gestocks.cat\/es\/\",\"logo\":{\"@type\":\"ImageObject\",\"inLanguage\":\"es\",\"@id\":\"https:\/\/www.gestocks.cat\/es\/#\/schema\/logo\/image\/\",\"url\":\"https:\/\/www.gestocks.cat\/wp-content\/uploads\/2016\/05\/LOGO-150.jpg\",\"contentUrl\":\"https:\/\/www.gestocks.cat\/wp-content\/uploads\/2016\/05\/LOGO-150.jpg\",\"width\":150,\"height\":92,\"caption\":\"Gestocks, log\u00edstica integral\"},\"image\":{\"@id\":\"https:\/\/www.gestocks.cat\/es\/#\/schema\/logo\/image\/\"}}]}<\/script>\n<!-- \/ Yoast SEO plugin. -->","yoast_head_json":{"title":"Servicio de picking \u00b7 Gestocks","description":"Ofrecemos un servicio de\u00a0picking\u00a0\u00e1gil y personalizado seg\u00fan las necesidades del cliente.\u00a0Disponemos de sistemas que garantizan el control.","robots":{"index":"index","follow":"follow","max-snippet":"max-snippet:-1","max-image-preview":"max-image-preview:large","max-video-preview":"max-video-preview:-1"},"canonical":"https:\/\/www.gestocks.cat\/es\/picking\/","og_locale":"es_ES","og_type":"article","og_title":"Servicio de picking \u00b7 Gestocks","og_description":"Ofrecemos un servicio de\u00a0picking\u00a0\u00e1gil y personalizado seg\u00fan las necesidades del cliente.\u00a0Disponemos de sistemas que garantizan el control.","og_url":"https:\/\/www.gestocks.cat\/es\/picking\/","og_site_name":"Gestocks Girona","article_modified_time":"2020-10-28T10:43:44+00:00","og_image":[{"url":"https:\/\/www.gestocks.cat\/wp-content\/uploads\/2017\/05\/PICKING.png","type":"","width":"","height":""}],"twitter_card":"summary_large_image","twitter_misc":{"Tiempo de lectura":"8 minutos"},"schema":{"@context":"https:\/\/schema.org","@graph":[{"@type":"WebPage","@id":"https:\/\/www.gestocks.cat\/es\/picking\/","url":"https:\/\/www.gestocks.cat\/es\/picking\/","name":"Servicio de picking \u00b7 Gestocks","isPartOf":{"@id":"https:\/\/www.gestocks.cat\/es\/#website"},"primaryImageOfPage":{"@id":"https:\/\/www.gestocks.cat\/es\/picking\/#primaryimage"},"image":{"@id":"https:\/\/www.gestocks.cat\/es\/picking\/#primaryimage"},"thumbnailUrl":"https:\/\/www.gestocks.cat\/wp-content\/uploads\/2017\/05\/PICKING.png","datePublished":"2017-06-28T09:33:13+00:00","dateModified":"2020-10-28T10:43:44+00:00","description":"Ofrecemos un servicio de\u00a0picking\u00a0\u00e1gil y personalizado seg\u00fan las necesidades del cliente.\u00a0Disponemos de sistemas que garantizan el control.","breadcrumb":{"@id":"https:\/\/www.gestocks.cat\/es\/picking\/#breadcrumb"},"inLanguage":"es","potentialAction":[{"@type":"ReadAction","target":["https:\/\/www.gestocks.cat\/es\/picking\/"]}]},{"@type":"ImageObject","inLanguage":"es","@id":"https:\/\/www.gestocks.cat\/es\/picking\/#primaryimage","url":"https:\/\/www.gestocks.cat\/wp-content\/uploads\/2017\/05\/PICKING.png","contentUrl":"https:\/\/www.gestocks.cat\/wp-content\/uploads\/2017\/05\/PICKING.png"},{"@type":"BreadcrumbList","@id":"https:\/\/www.gestocks.cat\/es\/picking\/#breadcrumb","itemListElement":[{"@type":"ListItem","position":1,"name":"Inici","item":"https:\/\/www.gestocks.cat\/es\/"},{"@type":"ListItem","position":2,"name":"Picking"}]},{"@type":"WebSite","@id":"https:\/\/www.gestocks.cat\/es\/#website","url":"https:\/\/www.gestocks.cat\/es\/","name":"Gestocks Girona","description":"log\u00edstica integral","publisher":{"@id":"https:\/\/www.gestocks.cat\/es\/#organization"},"potentialAction":[{"@type":"SearchAction","target":{"@type":"EntryPoint","urlTemplate":"https:\/\/www.gestocks.cat\/es\/?s={search_term_string}"},"query-input":{"@type":"PropertyValueSpecification","valueRequired":true,"valueName":"search_term_string"}}],"inLanguage":"es"},{"@type":"Organization","@id":"https:\/\/www.gestocks.cat\/es\/#organization","name":"Gestocks, log\u00edstica integral","url":"https:\/\/www.gestocks.cat\/es\/","logo":{"@type":"ImageObject","inLanguage":"es","@id":"https:\/\/www.gestocks.cat\/es\/#\/schema\/logo\/image\/","url":"https:\/\/www.gestocks.cat\/wp-content\/uploads\/2016\/05\/LOGO-150.jpg","contentUrl":"https:\/\/www.gestocks.cat\/wp-content\/uploads\/2016\/05\/LOGO-150.jpg","width":150,"height":92,"caption":"Gestocks, log\u00edstica integral"},"image":{"@id":"https:\/\/www.gestocks.cat\/es\/#\/schema\/logo\/image\/"}}]}},"_links":{"self":[{"href":"https:\/\/www.gestocks.cat\/es\/wp-json\/wp\/v2\/pages\/467","targetHints":{"allow":["GET"]}}],"collection":[{"href":"https:\/\/www.gestocks.cat\/es\/wp-json\/wp\/v2\/pages"}],"about":[{"href":"https:\/\/www.gestocks.cat\/es\/wp-json\/wp\/v2\/types\/page"}],"author":[{"embeddable":true,"href":"https:\/\/www.gestocks.cat\/es\/wp-json\/wp\/v2\/users\/3"}],"replies":[{"embeddable":true,"href":"https:\/\/www.gestocks.cat\/es\/wp-json\/wp\/v2\/comments?post=467"}],"version-history":[{"count":0,"href":"https:\/\/www.gestocks.cat\/es\/wp-json\/wp\/v2\/pages\/467\/revisions"}],"wp:attachment":[{"href":"https:\/\/www.gestocks.cat\/es\/wp-json\/wp\/v2\/media?parent=467"}],"curies":[{"name":"wp","href":"https:\/\/api.w.org\/{rel}","templated":true}]}}