{"id":490,"date":"2017-06-28T10:12:58","date_gmt":"2017-06-28T09:12:58","guid":{"rendered":"https:\/\/www.gestocks.cat\/?page_id=490\/"},"modified":"2020-11-06T12:16:00","modified_gmt":"2020-11-06T10:16:00","slug":"contacta","status":"publish","type":"page","link":"https:\/\/www.gestocks.cat\/es\/contacta\/","title":{"rendered":"Contacta"},"content":{"rendered":"<p><div class=\"fusion-fullwidth fullwidth-box hundred-percent-fullwidth non-hundred-percent-height-scrolling\"  style='background-color: rgba(255,255,255,0);background-position: left top;background-repeat: no-repeat;border-top-width:0px;border-bottom-width:0px;border-color:#eae9e9;border-top-style:solid;border-bottom-style:solid;'><div class=\"fusion-builder-row fusion-row \"><div  class=\"fusion-layout-column fusion_builder_column fusion_builder_column_1_1 fusion-builder-column-1 fusion-one-full fusion-column-first fusion-column-last 1_1\"  style='margin-top:0px;margin-bottom:0px;'>\n\t\t\t\t\t<div class=\"fusion-column-wrapper\" style=\"padding: 0px 0px 0px 0px;background-position:left top;background-repeat:no-repeat;-webkit-background-size:cover;-moz-background-size:cover;-o-background-size:cover;background-size:cover;\"   data-bg-url=\"\">\n\t\t\t\t\t\t<iframe loading=\"lazy\" src=\"https:\/\/www.google.com\/maps\/embed?pb=!1m18!1m12!1m3!1d5926.893051966207!2d2.8849923693241646!3d42.03360437910813!2m3!1f0!2f0!3f0!3m2!1i1024!2i768!4f13.1!3m3!1m2!1s0x12bae5ed069ff271%3A0x5b36989ffc84f0f4!2sStock%26Picking%20Girona!5e0!3m2!1sca!2ses!4v1576081873105!5m2!1sca!2ses\" width=\"100%\" height=\"450\" frameborder=\"0\" style=\"border:0;\" allowfullscreen=\"\"><\/iframe>\n\n<div class=\"fusion-clearfix\"><\/div>\n\n\t\t\t\t\t<\/div>\n\t\t\t\t<\/div><\/div><\/div><div class=\"fusion-fullwidth fullwidth-box nonhundred-percent-fullwidth non-hundred-percent-height-scrolling\"  style='background-color: rgba(255,255,255,0);background-position: left top;background-repeat: no-repeat;padding-top:60px;padding-right:0px;padding-bottom:35px;padding-left:0px;border-top-width:0px;border-bottom-width:0px;border-color:#eae9e9;border-top-style:solid;border-bottom-style:solid;'><div class=\"fusion-builder-row fusion-row \"><div  class=\"fusion-layout-column fusion_builder_column fusion_builder_column_1_1 fusion-builder-column-2 fusion-one-full fusion-column-first fusion-column-last fusion-column-no-min-height 1_1\"  style='margin-top:0px;margin-bottom:0px;'>\n\t\t\t\t\t<div class=\"fusion-column-wrapper\" style=\"padding: 0px 0px 0px 0px;background-position:left top;background-repeat:no-repeat;-webkit-background-size:cover;-moz-background-size:cover;-o-background-size:cover;background-size:cover;\"   data-bg-url=\"\">\n\t\t\t\t\t\t<div class=\"fusion-title title fusion-title-1 fusion-title-center fusion-title-size-one\" style=\"margin-top:0px;margin-bottom:31px;\"><div class=\"title-sep-container title-sep-container-left\"><div class=\"title-sep sep-double sep-solid\" style=\"border-color:#ef5d2f;\"><\/div><\/div><h1 class=\"title-heading-center\" style=\"margin:0;\">INFORMACI\u00d3N<\/h1><div class=\"title-sep-container title-sep-container-right\"><div class=\"title-sep sep-double sep-solid\" style=\"border-color:#ef5d2f;\"><\/div><\/div><\/div><div class=\"fusion-text\"><p style=\"text-align: center;\"><span style=\"color: #000000;\">Calle Pirineus<\/span><br \/>\n<span style=\"color: #000000;\">Parc Log\u00edstic de Celr\u00e0,\u00a0Girona.<br \/>\n42.030273, 2.875385 <\/span><\/p>\n<p style=\"text-align: center;\"><span style=\"color: #000000;\">Tel.: +34 972 417 116 <\/span><\/p>\n<p style=\"text-align: center;\"><span style=\"color: #000000;\">gestocks@gestocks.cat<\/span><\/p>\n<\/div><div class=\"fusion-clearfix\"><\/div>\n\n\t\t\t\t\t<\/div>\n\t\t\t\t<\/div><\/div><\/div><div class=\"fusion-fullwidth fullwidth-box nonhundred-percent-fullwidth non-hundred-percent-height-scrolling\"  style='background-color: #ef5d2f;background-position: left top;background-repeat: no-repeat;padding-top:25px;padding-right:0px;padding-bottom:20px;padding-left:0px;border-top-width:0px;border-bottom-width:0px;border-color:#eae9e9;border-top-style:solid;border-bottom-style:solid;'><div class=\"fusion-builder-row fusion-row \"><div  class=\"fusion-layout-column fusion_builder_column fusion_builder_column_1_3 fusion-builder-column-3 fusion-one-third fusion-column-first 1_3\"  style='margin-top:0px;margin-bottom:20px;width:30.6666%; margin-right: 4%;'>\n\t\t\t\t\t<div class=\"fusion-column-wrapper\" style=\"padding: 0px 0px 0px 0px;background-position:left top;background-repeat:no-repeat;-webkit-background-size:cover;-moz-background-size:cover;-o-background-size:cover;background-size:cover;\"   data-bg-url=\"\">\n\t\t\t\t\t\t<div class=\"fusion-clearfix\"><\/div>\n\n\t\t\t\t\t<\/div>\n\t\t\t\t<\/div><div  class=\"fusion-layout-column fusion_builder_column fusion_builder_column_1_6 fusion-builder-column-4 fusion-one-sixth 1_6\"  style='margin-top:0px;margin-bottom:20px;width:13.3333%; margin-right: 4%;'>\n\t\t\t\t\t<div class=\"fusion-column-wrapper\" style=\"padding: 0px 0px 0px 0px;background-position:left top;background-repeat:no-repeat;-webkit-background-size:cover;-moz-background-size:cover;-o-background-size:cover;background-size:cover;\"   data-bg-url=\"\">\n\t\t\t\t\t\t<div class=\"imageframe-align-center\"><span class=\"fusion-imageframe imageframe-none imageframe-1 hover-type-none\"><a class=\"fusion-no-lightbox\" href=\"tel:+34972417116\" target=\"_self\" aria-label=\"telefon\"><img loading=\"lazy\" decoding=\"async\" src=\"https:\/\/www.gestocks.cat\/wp-content\/uploads\/2017\/05\/telefon.png\" width=\"76\" height=\"59\" alt=\"\" class=\"img-responsive wp-image-627\"\/><\/a><\/span><\/div><div class=\"fusion-clearfix\"><\/div>\n\n\t\t\t\t\t<\/div>\n\t\t\t\t<\/div><div  class=\"fusion-layout-column fusion_builder_column fusion_builder_column_1_6 fusion-builder-column-5 fusion-one-sixth 1_6\"  style='margin-top:0px;margin-bottom:20px;width:13.3333%; margin-right: 4%;'>\n\t\t\t\t\t<div class=\"fusion-column-wrapper\" style=\"padding: 0px 0px 0px 0px;background-position:left top;background-repeat:no-repeat;-webkit-background-size:cover;-moz-background-size:cover;-o-background-size:cover;background-size:cover;\"   data-bg-url=\"\">\n\t\t\t\t\t\t<div class=\"imageframe-align-center\"><span class=\"fusion-imageframe imageframe-none imageframe-2 hover-type-none\"><a class=\"fusion-no-lightbox\" href=\"mailto:gestocks@gestocks.cat\" target=\"_self\" aria-label=\"correo\"><img loading=\"lazy\" decoding=\"async\" src=\"https:\/\/www.gestocks.cat\/wp-content\/uploads\/2017\/05\/correo.png\" width=\"76\" height=\"59\" alt=\"\" class=\"img-responsive wp-image-628\"\/><\/a><\/span><\/div><div class=\"fusion-clearfix\"><\/div>\n\n\t\t\t\t\t<\/div>\n\t\t\t\t<\/div><div  class=\"fusion-layout-column fusion_builder_column fusion_builder_column_1_3 fusion-builder-column-6 fusion-one-third fusion-column-last 1_3\"  style='margin-top:0px;margin-bottom:20px;width:30.6666%'>\n\t\t\t\t\t<div class=\"fusion-column-wrapper\" style=\"padding: 0px 0px 0px 0px;background-position:left top;background-repeat:no-repeat;-webkit-background-size:cover;-moz-background-size:cover;-o-background-size:cover;background-size:cover;\"   data-bg-url=\"\">\n\t\t\t\t\t\t<div class=\"fusion-clearfix\"><\/div>\n\n\t\t\t\t\t<\/div>\n\t\t\t\t<\/div><\/div><\/div><div class=\"fusion-fullwidth fullwidth-box nonhundred-percent-fullwidth non-hundred-percent-height-scrolling\"  style='background-color: rgba(255,255,255,0);background-position: left top;background-repeat: no-repeat;padding-top:45px;padding-right:0px;padding-bottom:20px;padding-left:0px;border-top-width:0px;border-bottom-width:0px;border-color:#eae9e9;border-top-style:solid;border-bottom-style:solid;'><div class=\"fusion-builder-row fusion-row \"><div  class=\"fusion-layout-column fusion_builder_column fusion_builder_column_1_4 fusion-builder-column-7 fusion-one-fourth fusion-column-first 1_4\"  style='margin-top:0px;margin-bottom:20px;width:22%; margin-right: 4%;'>\n\t\t\t\t\t<div class=\"fusion-column-wrapper\" style=\"padding: 0px 0px 0px 0px;background-position:left top;background-repeat:no-repeat;-webkit-background-size:cover;-moz-background-size:cover;-o-background-size:cover;background-size:cover;\"   data-bg-url=\"\">\n\t\t\t\t\t\t<div class=\"fusion-clearfix\"><\/div>\n\n\t\t\t\t\t<\/div>\n\t\t\t\t<\/div><div  class=\"fusion-layout-column fusion_builder_column fusion_builder_column_1_2 fusion-builder-column-8 fusion-one-half 1_2\"  style='margin-top:0px;margin-bottom:20px;width:48%; margin-right: 4%;'>\n\t\t\t\t\t<div class=\"fusion-column-wrapper\" style=\"padding: 0px 0px 0px 0px;background-position:left top;background-repeat:no-repeat;-webkit-background-size:cover;-moz-background-size:cover;-o-background-size:cover;background-size:cover;\"   data-bg-url=\"\">\n\t\t\t\t\t\t<div class=\"fusion-title title fusion-title-2 fusion-sep-none fusion-title-center fusion-title-size-one\" style=\"margin-top:0px;margin-bottom:31px;\"><h1 class=\"title-heading-center\" style=\"margin:0;\">CONTACTO<\/h1><\/div><div class=\"fusion-text\">\n<div class=\"wpcf7 no-js\" id=\"wpcf7-f492-o1\" lang=\"ca\" dir=\"ltr\" data-wpcf7-id=\"492\">\n<div class=\"screen-reader-response\"><p role=\"status\" aria-live=\"polite\" aria-atomic=\"true\"><\/p> <ul><\/ul><\/div>\n<form action=\"\/es\/wp-json\/wp\/v2\/pages\/490#wpcf7-f492-o1\" method=\"post\" class=\"wpcf7-form init cf7-style cf7-style-295\" aria-label=\"Formulari de contacte\" novalidate=\"novalidate\" data-status=\"init\">\n<div style=\"display: none;\">\n<input type=\"hidden\" name=\"_wpcf7\" value=\"492\" \/>\n<input type=\"hidden\" name=\"_wpcf7_version\" value=\"6.0.5\" \/>\n<input type=\"hidden\" name=\"_wpcf7_locale\" value=\"ca\" \/>\n<input type=\"hidden\" name=\"_wpcf7_unit_tag\" value=\"wpcf7-f492-o1\" \/>\n<input type=\"hidden\" name=\"_wpcf7_container_post\" value=\"0\" \/>\n<input type=\"hidden\" name=\"_wpcf7_posted_data_hash\" value=\"\" \/>\n<input type=\"hidden\" name=\"_wpcf7_recaptcha_response\" value=\"\" \/>\n<\/div>\n<p><span class=\"wpcf7-form-control-wrap\" data-name=\"Nom\"><input size=\"40\" maxlength=\"400\" class=\"wpcf7-form-control wpcf7-text wpcf7-validates-as-required\" aria-required=\"true\" aria-invalid=\"false\" placeholder=\"Nombre\" value=\"\" type=\"text\" name=\"Nom\" \/><\/span><br \/>\n<span class=\"wpcf7-form-control-wrap\" data-name=\"Cognoms\"><input size=\"40\" maxlength=\"400\" class=\"wpcf7-form-control wpcf7-text wpcf7-validates-as-required\" aria-required=\"true\" aria-invalid=\"false\" placeholder=\"Apellidos\" value=\"\" type=\"text\" name=\"Cognoms\" \/><\/span><br \/>\n<span class=\"wpcf7-form-control-wrap\" data-name=\"Email\"><input size=\"40\" maxlength=\"400\" class=\"wpcf7-form-control wpcf7-email wpcf7-validates-as-required wpcf7-text wpcf7-validates-as-email\" aria-required=\"true\" aria-invalid=\"false\" placeholder=\"Email\" value=\"\" type=\"email\" name=\"Email\" \/><\/span><br \/>\n<span class=\"wpcf7-form-control-wrap\" data-name=\"Missatge\"><textarea cols=\"40\" rows=\"10\" maxlength=\"2000\" class=\"wpcf7-form-control wpcf7-textarea wpcf7-validates-as-required\" aria-required=\"true\" aria-invalid=\"false\" placeholder=\"Mensaje\" name=\"Missatge\"><\/textarea><\/span>\n<\/p>\n\n<p><span class=\"wpcf7-form-control-wrap\" data-name=\"acceptacio\"><span class=\"wpcf7-form-control wpcf7-acceptance\"><span class=\"wpcf7-list-item\"><input type=\"checkbox\" name=\"acceptacio\" value=\"1\" aria-invalid=\"false\" \/><\/span><\/span><\/span> Accepto les condiciones\n<\/p>\n<p align=\"justify\"> Acepto voluntariamente que mis datos sean enviados a GESTOCKS OPERADOR, SA y acepto que \u00e9stos datos puedan ser almacenados, por si es necesario, poderme enviar informaci\u00f3n referente a las actividades profesionales y empresariales propias de GESTOCKS OPERADOR, SA. As\u00ed mismo GESTOCKS OPERADOR, SA se compromete a mantener la confidencialidad de los datos de los usuarios del formulario\n<\/p>\n<p><input class=\"wpcf7-form-control wpcf7-submit has-spinner\" type=\"submit\" value=\"Enviar\" \/>\n<\/p><div class=\"fusion-alert alert custom alert-custom fusion-alert-center wpcf7-response-output fusion-alert-capitalize alert-dismissable\" style=\"border-width:1px;\"><button style=\"color:;border-color:;\" type=\"button\" class=\"close toggle-alert\" data-dismiss=\"alert\" aria-hidden=\"true\">&times;<\/button><div class=\"fusion-alert-content-wrapper\"><span class=\"fusion-alert-content\"><\/span><\/div><\/div>\n<\/form>\n<\/div>\n\n<\/div><div class=\"fusion-clearfix\"><\/div>\n\n\t\t\t\t\t<\/div>\n\t\t\t\t<\/div><div  class=\"fusion-layout-column fusion_builder_column fusion_builder_column_1_4 fusion-builder-column-9 fusion-one-fourth fusion-column-last 1_4\"  style='margin-top:0px;margin-bottom:20px;width:22%'>\n\t\t\t\t\t<div class=\"fusion-column-wrapper\" style=\"padding: 0px 0px 0px 0px;background-position:left top;background-repeat:no-repeat;-webkit-background-size:cover;-moz-background-size:cover;-o-background-size:cover;background-size:cover;\"   data-bg-url=\"\">\n\t\t\t\t\t\t<div class=\"fusion-clearfix\"><\/div>\n\n\t\t\t\t\t<\/div>\n\t\t\t\t<\/div><\/div><\/div><\/p>\n","protected":false},"excerpt":{"rendered":"","protected":false},"author":3,"featured_media":0,"parent":0,"menu_order":0,"comment_status":"closed","ping_status":"closed","template":"100-width.php","meta":{"footnotes":""},"class_list":["post-490","page","type-page","status-publish","hentry"],"yoast_head":"<!-- This site is optimized with the Yoast SEO plugin v24.8.1 - https:\/\/yoast.com\/wordpress\/plugins\/seo\/ -->\n<title>Contacta \u00b7 Gestocks<\/title>\n<meta name=\"description\" content=\"Contacta con nosotros a trav\u00e9s de nuestro mail (gestocks@gestocks.cat), tel\u00e9fono (+34 972 300 777) o ubicaci\u00f3n (Calle Pirineo Parco Log\u00edstico de Celr\u00e0, Girona).\" \/>\n<meta name=\"robots\" content=\"index, follow, max-snippet:-1, max-image-preview:large, max-video-preview:-1\" \/>\n<link rel=\"canonical\" href=\"https:\/\/www.gestocks.cat\/es\/contacta\/\" \/>\n<meta property=\"og:locale\" content=\"es_ES\" \/>\n<meta property=\"og:type\" content=\"article\" \/>\n<meta property=\"og:title\" content=\"Contacta \u00b7 Gestocks\" \/>\n<meta property=\"og:description\" content=\"Contacta con nosotros a trav\u00e9s de nuestro mail (gestocks@gestocks.cat), tel\u00e9fono (+34 972 300 777) o ubicaci\u00f3n (Calle Pirineo Parco Log\u00edstico de Celr\u00e0, Girona).\" \/>\n<meta property=\"og:url\" content=\"https:\/\/www.gestocks.cat\/es\/contacta\/\" \/>\n<meta property=\"og:site_name\" content=\"Gestocks Girona\" \/>\n<meta property=\"article:modified_time\" content=\"2020-11-06T10:16:00+00:00\" \/>\n<meta property=\"og:image\" content=\"https:\/\/www.gestocks.cat\/wp-content\/uploads\/2017\/05\/telefon.png\" \/>\n<meta name=\"twitter:card\" content=\"summary_large_image\" \/>\n<meta name=\"twitter:label1\" content=\"Tiempo de lectura\" \/>\n\t<meta name=\"twitter:data1\" content=\"6 minutos\" \/>\n<script type=\"application\/ld+json\" class=\"yoast-schema-graph\">{\"@context\":\"https:\/\/schema.org\",\"@graph\":[{\"@type\":\"WebPage\",\"@id\":\"https:\/\/www.gestocks.cat\/es\/contacta\/\",\"url\":\"https:\/\/www.gestocks.cat\/es\/contacta\/\",\"name\":\"Contacta \u00b7 Gestocks\",\"isPartOf\":{\"@id\":\"https:\/\/www.gestocks.cat\/es\/#website\"},\"primaryImageOfPage\":{\"@id\":\"https:\/\/www.gestocks.cat\/es\/contacta\/#primaryimage\"},\"image\":{\"@id\":\"https:\/\/www.gestocks.cat\/es\/contacta\/#primaryimage\"},\"thumbnailUrl\":\"https:\/\/www.gestocks.cat\/wp-content\/uploads\/2017\/05\/telefon.png\",\"datePublished\":\"2017-06-28T09:12:58+00:00\",\"dateModified\":\"2020-11-06T10:16:00+00:00\",\"description\":\"Contacta con nosotros a trav\u00e9s de nuestro mail (gestocks@gestocks.cat), tel\u00e9fono (+34 972 300 777) o ubicaci\u00f3n (Calle Pirineo Parco Log\u00edstico de Celr\u00e0, Girona).\",\"breadcrumb\":{\"@id\":\"https:\/\/www.gestocks.cat\/es\/contacta\/#breadcrumb\"},\"inLanguage\":\"es\",\"potentialAction\":[{\"@type\":\"ReadAction\",\"target\":[\"https:\/\/www.gestocks.cat\/es\/contacta\/\"]}]},{\"@type\":\"ImageObject\",\"inLanguage\":\"es\",\"@id\":\"https:\/\/www.gestocks.cat\/es\/contacta\/#primaryimage\",\"url\":\"https:\/\/www.gestocks.cat\/wp-content\/uploads\/2017\/05\/telefon.png\",\"contentUrl\":\"https:\/\/www.gestocks.cat\/wp-content\/uploads\/2017\/05\/telefon.png\"},{\"@type\":\"BreadcrumbList\",\"@id\":\"https:\/\/www.gestocks.cat\/es\/contacta\/#breadcrumb\",\"itemListElement\":[{\"@type\":\"ListItem\",\"position\":1,\"name\":\"Inici\",\"item\":\"https:\/\/www.gestocks.cat\/es\/\"},{\"@type\":\"ListItem\",\"position\":2,\"name\":\"Contacta\"}]},{\"@type\":\"WebSite\",\"@id\":\"https:\/\/www.gestocks.cat\/es\/#website\",\"url\":\"https:\/\/www.gestocks.cat\/es\/\",\"name\":\"Gestocks Girona\",\"description\":\"log\u00edstica integral\",\"publisher\":{\"@id\":\"https:\/\/www.gestocks.cat\/es\/#organization\"},\"potentialAction\":[{\"@type\":\"SearchAction\",\"target\":{\"@type\":\"EntryPoint\",\"urlTemplate\":\"https:\/\/www.gestocks.cat\/es\/?s={search_term_string}\"},\"query-input\":{\"@type\":\"PropertyValueSpecification\",\"valueRequired\":true,\"valueName\":\"search_term_string\"}}],\"inLanguage\":\"es\"},{\"@type\":\"Organization\",\"@id\":\"https:\/\/www.gestocks.cat\/es\/#organization\",\"name\":\"Gestocks, log\u00edstica integral\",\"url\":\"https:\/\/www.gestocks.cat\/es\/\",\"logo\":{\"@type\":\"ImageObject\",\"inLanguage\":\"es\",\"@id\":\"https:\/\/www.gestocks.cat\/es\/#\/schema\/logo\/image\/\",\"url\":\"https:\/\/www.gestocks.cat\/wp-content\/uploads\/2016\/05\/LOGO-150.jpg\",\"contentUrl\":\"https:\/\/www.gestocks.cat\/wp-content\/uploads\/2016\/05\/LOGO-150.jpg\",\"width\":150,\"height\":92,\"caption\":\"Gestocks, log\u00edstica integral\"},\"image\":{\"@id\":\"https:\/\/www.gestocks.cat\/es\/#\/schema\/logo\/image\/\"}}]}<\/script>\n<!-- \/ Yoast SEO plugin. -->","yoast_head_json":{"title":"Contacta \u00b7 Gestocks","description":"Contacta con nosotros a trav\u00e9s de nuestro mail (gestocks@gestocks.cat), tel\u00e9fono (+34 972 300 777) o ubicaci\u00f3n (Calle Pirineo Parco Log\u00edstico de Celr\u00e0, Girona).","robots":{"index":"index","follow":"follow","max-snippet":"max-snippet:-1","max-image-preview":"max-image-preview:large","max-video-preview":"max-video-preview:-1"},"canonical":"https:\/\/www.gestocks.cat\/es\/contacta\/","og_locale":"es_ES","og_type":"article","og_title":"Contacta \u00b7 Gestocks","og_description":"Contacta con nosotros a trav\u00e9s de nuestro mail (gestocks@gestocks.cat), tel\u00e9fono (+34 972 300 777) o ubicaci\u00f3n (Calle Pirineo Parco Log\u00edstico de Celr\u00e0, Girona).","og_url":"https:\/\/www.gestocks.cat\/es\/contacta\/","og_site_name":"Gestocks Girona","article_modified_time":"2020-11-06T10:16:00+00:00","og_image":[{"url":"https:\/\/www.gestocks.cat\/wp-content\/uploads\/2017\/05\/telefon.png","type":"","width":"","height":""}],"twitter_card":"summary_large_image","twitter_misc":{"Tiempo de lectura":"6 minutos"},"schema":{"@context":"https:\/\/schema.org","@graph":[{"@type":"WebPage","@id":"https:\/\/www.gestocks.cat\/es\/contacta\/","url":"https:\/\/www.gestocks.cat\/es\/contacta\/","name":"Contacta \u00b7 Gestocks","isPartOf":{"@id":"https:\/\/www.gestocks.cat\/es\/#website"},"primaryImageOfPage":{"@id":"https:\/\/www.gestocks.cat\/es\/contacta\/#primaryimage"},"image":{"@id":"https:\/\/www.gestocks.cat\/es\/contacta\/#primaryimage"},"thumbnailUrl":"https:\/\/www.gestocks.cat\/wp-content\/uploads\/2017\/05\/telefon.png","datePublished":"2017-06-28T09:12:58+00:00","dateModified":"2020-11-06T10:16:00+00:00","description":"Contacta con nosotros a trav\u00e9s de nuestro mail (gestocks@gestocks.cat), tel\u00e9fono (+34 972 300 777) o ubicaci\u00f3n (Calle Pirineo Parco Log\u00edstico de Celr\u00e0, Girona).","breadcrumb":{"@id":"https:\/\/www.gestocks.cat\/es\/contacta\/#breadcrumb"},"inLanguage":"es","potentialAction":[{"@type":"ReadAction","target":["https:\/\/www.gestocks.cat\/es\/contacta\/"]}]},{"@type":"ImageObject","inLanguage":"es","@id":"https:\/\/www.gestocks.cat\/es\/contacta\/#primaryimage","url":"https:\/\/www.gestocks.cat\/wp-content\/uploads\/2017\/05\/telefon.png","contentUrl":"https:\/\/www.gestocks.cat\/wp-content\/uploads\/2017\/05\/telefon.png"},{"@type":"BreadcrumbList","@id":"https:\/\/www.gestocks.cat\/es\/contacta\/#breadcrumb","itemListElement":[{"@type":"ListItem","position":1,"name":"Inici","item":"https:\/\/www.gestocks.cat\/es\/"},{"@type":"ListItem","position":2,"name":"Contacta"}]},{"@type":"WebSite","@id":"https:\/\/www.gestocks.cat\/es\/#website","url":"https:\/\/www.gestocks.cat\/es\/","name":"Gestocks Girona","description":"log\u00edstica integral","publisher":{"@id":"https:\/\/www.gestocks.cat\/es\/#organization"},"potentialAction":[{"@type":"SearchAction","target":{"@type":"EntryPoint","urlTemplate":"https:\/\/www.gestocks.cat\/es\/?s={search_term_string}"},"query-input":{"@type":"PropertyValueSpecification","valueRequired":true,"valueName":"search_term_string"}}],"inLanguage":"es"},{"@type":"Organization","@id":"https:\/\/www.gestocks.cat\/es\/#organization","name":"Gestocks, log\u00edstica integral","url":"https:\/\/www.gestocks.cat\/es\/","logo":{"@type":"ImageObject","inLanguage":"es","@id":"https:\/\/www.gestocks.cat\/es\/#\/schema\/logo\/image\/","url":"https:\/\/www.gestocks.cat\/wp-content\/uploads\/2016\/05\/LOGO-150.jpg","contentUrl":"https:\/\/www.gestocks.cat\/wp-content\/uploads\/2016\/05\/LOGO-150.jpg","width":150,"height":92,"caption":"Gestocks, log\u00edstica integral"},"image":{"@id":"https:\/\/www.gestocks.cat\/es\/#\/schema\/logo\/image\/"}}]}},"_links":{"self":[{"href":"https:\/\/www.gestocks.cat\/es\/wp-json\/wp\/v2\/pages\/490","targetHints":{"allow":["GET"]}}],"collection":[{"href":"https:\/\/www.gestocks.cat\/es\/wp-json\/wp\/v2\/pages"}],"about":[{"href":"https:\/\/www.gestocks.cat\/es\/wp-json\/wp\/v2\/types\/page"}],"author":[{"embeddable":true,"href":"https:\/\/www.gestocks.cat\/es\/wp-json\/wp\/v2\/users\/3"}],"replies":[{"embeddable":true,"href":"https:\/\/www.gestocks.cat\/es\/wp-json\/wp\/v2\/comments?post=490"}],"version-history":[{"count":0,"href":"https:\/\/www.gestocks.cat\/es\/wp-json\/wp\/v2\/pages\/490\/revisions"}],"wp:attachment":[{"href":"https:\/\/www.gestocks.cat\/es\/wp-json\/wp\/v2\/media?parent=490"}],"curies":[{"name":"wp","href":"https:\/\/api.w.org\/{rel}","templated":true}]}}