{"id":585,"date":"2017-07-17T10:55:26","date_gmt":"2017-07-17T09:55:26","guid":{"rendered":"https:\/\/www.gestocks.cat\/?page_id=585\/"},"modified":"2020-10-23T11:51:21","modified_gmt":"2020-10-23T09:51:21","slug":"avis-legal","status":"publish","type":"page","link":"https:\/\/www.gestocks.cat\/es\/avis-legal\/","title":{"rendered":"Av\u00eds legal"},"content":{"rendered":"<div class=\"fusion-fullwidth fullwidth-box nonhundred-percent-fullwidth non-hundred-percent-height-scrolling\"  style='background-color: rgba(255,255,255,0);background-position: center center;background-repeat: no-repeat;padding-top:0px;padding-right:0px;padding-bottom:0px;padding-left:0px;'><div class=\"fusion-builder-row fusion-row \"><div  class=\"fusion-layout-column fusion_builder_column fusion_builder_column_1_1 fusion-builder-column-1 fusion-one-full fusion-column-first fusion-column-last 1_1\"  style='margin-top:0px;margin-bottom:0px;'>\n\t\t\t\t\t<div class=\"fusion-column-wrapper\" style=\"padding: 0px 0px 0px 0px;background-position:left top;background-repeat:no-repeat;-webkit-background-size:cover;-moz-background-size:cover;-o-background-size:cover;background-size:cover;\"   data-bg-url=\"\">\n\t\t\t\t\t\t<div class=\"fusion-text\"><p class=\"p1\"><span class=\"s1\">En cumplimiento del art\u00edculo 10 de la Ley 34\/2002, de 11 de julio, de Servicios de la Sociedad de la Informaci\u00f3n y Comercio Electr\u00f3nico (LSSICE) a continuaci\u00f3n se detallan los datos identificativos de la empresa:<\/span><\/p>\n<p class=\"p1\"><span class=\"s1\">Raz\u00f3n social:\u00a0 GESTOCKS OPERADOR, SA<\/span><\/p>\n<p class=\"p1\"><span class=\"s1\">NIF: A-17460007<\/span><\/p>\n<p class=\"p1\"><span class=\"s1\">Direcci\u00f3n: c\/ Pirineus, s\/n. 17460. Celr\u00e0, Girona. Espanya<\/span><\/p>\n<p class=\"p1\"><span class=\"s1\">Tel\u00e9fono: 972300777<\/span><\/p>\n<p class=\"p1\"><span class=\"s1\">Email: gestocks@gestocks.cat<\/span><\/p>\n<p class=\"p1\"><span class=\"s1\"><b>FINALIDAD DE LA P\u00c1GINA WEB.<\/b><\/span><\/p>\n<p><strong>STOCK &amp; PICKING GIRONA<\/strong> es una empresa moderna, responsable y con muchas ganas de hacer un muy buen trabajo. Nuestro objetivo es ofrecer un servicio profesional, con el mejor trato y a un precio competitivo, contando con un equipo altamente calificado gracias a la larga experiencia en el sector de la log\u00edstica, el transporte y el almacenamiento.<\/p>\n<p>Contamos con la infraestructura y la maquinaria necesarias para poder garantizar el control esmerado de los <strong>stocks<\/strong> y la mejor eficiencia en el <strong>picking<\/strong> y la mejor eficacia en la log\u00edstica. Nuestra prioridad es la satisfacci\u00f3n del cliente, por lo tanto, ofrecemos un<strong> trato el m\u00e1ximo de personalizado<\/strong> y un servicio dise\u00f1ado a medida seg\u00fan como sean las necesidades y requerimientos.<\/p>\n<p class=\"p1\"><span class=\"s1\"><b>LEGISLACI\u00d3N.<\/b><\/span><\/p>\n<p class=\"p1\">A todos los efectos las relaciones entre GESTOCKS OPERADOR, SA con los Usuarios de sus servicios telem\u00e1ticos, presentes en este sitio web, se encuentran sometidas a la legislaci\u00f3n y jurisdicci\u00f3n espa\u00f1olas.<\/p>\n<p class=\"p1\"><span class=\"s1\"><b>USO Y ACCESO DE USUARIOS.<\/b><\/span><\/p>\n<p class=\"p1\">El Usuario queda informado, y acepta, que el acceso en la presente web no supone, de ninguna forma, el inicio de una relaci\u00f3n comercial con GESTOCKS OPERADOR, SA o cualquiera de sus delegaciones.<\/p>\n<p class=\"p1\"><span class=\"s1\"><b>PROPIEDAD INTELECTUAL E INDUSTRIAL.<\/b><\/span><\/p>\n<p class=\"p1\"><span class=\"s1\">Los derechos de propiedad intelectual del contenido de las p\u00e1ginas web, su dise\u00f1o gr\u00e1fico y c\u00f3digos son titularidad de GESTOCKS OPERADOR, SA y, por lo tanto, queda prohibida su reproducci\u00f3n, distribuci\u00f3n, comunicaci\u00f3n p\u00fablica, transformaci\u00f3n o cualquier otra actividad que se pueda realizar con los contenidos de sus p\u00e1ginas web ni incluso citando las fuentes, excepto consentimiento por escrito de GESTOCKS OPERADOR, SA.<\/span><\/p>\n<p class=\"p1\"><span class=\"s1\"><b>CONTENIDO DE LA WEB Y ENLACES (LINKS)<\/b><\/span><\/p>\n<p class=\"p1\"><span class=\"s1\">GESTOCKS OPERADOR, SA se reserva el derecho a actualizar, modificar o eliminar la informaci\u00f3n contenida en sus p\u00e1ginas web pudiendo incluso limitar o no permitir el acceso a esta informaci\u00f3n a ciertos usuarios.<\/span><\/p>\n<p class=\"p1\"><span class=\"s1\">GESTOCKS OPERADOR, SA no asume responsabilidad alguna por la informaci\u00f3n contenida en p\u00e1ginas web de terceros a las cuales se pueda acceder por \u201clinks\u201d o enlaces desde cualquier p\u00e1gina web propiedad de GESTOCKS OPERADOR, SA. La presencia de \u201clinks\u201d o enlaces a las p\u00e1ginas web de GESTOCKS OPERADOR, SA tiene finalidad meramente informativa y en ning\u00fan caso supone sugerencia, invitaci\u00f3n o recomendaci\u00f3n sobre los mismos.<\/span><\/p>\n<\/div><div class=\"fusion-clearfix\"><\/div>\n\n\t\t\t\t\t<\/div>\n\t\t\t\t<\/div><\/div><\/div>\n","protected":false},"excerpt":{"rendered":"","protected":false},"author":3,"featured_media":0,"parent":0,"menu_order":0,"comment_status":"closed","ping_status":"closed","template":"","meta":{"footnotes":""},"class_list":["post-585","page","type-page","status-publish","hentry"],"yoast_head":"<!-- This site is optimized with the Yoast SEO plugin v24.8.1 - https:\/\/yoast.com\/wordpress\/plugins\/seo\/ -->\n<title>Av\u00eds legal - Gestocks Girona<\/title>\n<meta name=\"robots\" content=\"noindex, nofollow\" \/>\n<meta property=\"og:locale\" content=\"es_ES\" \/>\n<meta property=\"og:type\" content=\"article\" \/>\n<meta property=\"og:title\" content=\"Av\u00eds legal - Gestocks Girona\" \/>\n<meta property=\"og:url\" content=\"https:\/\/www.gestocks.cat\/es\/avis-legal\/\" \/>\n<meta property=\"og:site_name\" content=\"Gestocks Girona\" \/>\n<meta property=\"article:modified_time\" content=\"2020-10-23T09:51:21+00:00\" \/>\n<meta name=\"twitter:card\" content=\"summary_large_image\" \/>\n<meta name=\"twitter:label1\" content=\"Tiempo de lectura\" \/>\n\t<meta name=\"twitter:data1\" content=\"3 minutos\" \/>\n<script type=\"application\/ld+json\" class=\"yoast-schema-graph\">{\"@context\":\"https:\/\/schema.org\",\"@graph\":[{\"@type\":\"WebPage\",\"@id\":\"https:\/\/www.gestocks.cat\/es\/avis-legal\/\",\"url\":\"https:\/\/www.gestocks.cat\/es\/avis-legal\/\",\"name\":\"Av\u00eds legal - Gestocks Girona\",\"isPartOf\":{\"@id\":\"https:\/\/www.gestocks.cat\/es\/#website\"},\"datePublished\":\"2017-07-17T09:55:26+00:00\",\"dateModified\":\"2020-10-23T09:51:21+00:00\",\"breadcrumb\":{\"@id\":\"https:\/\/www.gestocks.cat\/es\/avis-legal\/#breadcrumb\"},\"inLanguage\":\"es\",\"potentialAction\":[{\"@type\":\"ReadAction\",\"target\":[\"https:\/\/www.gestocks.cat\/es\/avis-legal\/\"]}]},{\"@type\":\"BreadcrumbList\",\"@id\":\"https:\/\/www.gestocks.cat\/es\/avis-legal\/#breadcrumb\",\"itemListElement\":[{\"@type\":\"ListItem\",\"position\":1,\"name\":\"Inici\",\"item\":\"https:\/\/www.gestocks.cat\/es\/\"},{\"@type\":\"ListItem\",\"position\":2,\"name\":\"Av\u00eds legal\"}]},{\"@type\":\"WebSite\",\"@id\":\"https:\/\/www.gestocks.cat\/es\/#website\",\"url\":\"https:\/\/www.gestocks.cat\/es\/\",\"name\":\"Gestocks Girona\",\"description\":\"log\u00edstica integral\",\"publisher\":{\"@id\":\"https:\/\/www.gestocks.cat\/es\/#organization\"},\"potentialAction\":[{\"@type\":\"SearchAction\",\"target\":{\"@type\":\"EntryPoint\",\"urlTemplate\":\"https:\/\/www.gestocks.cat\/es\/?s={search_term_string}\"},\"query-input\":{\"@type\":\"PropertyValueSpecification\",\"valueRequired\":true,\"valueName\":\"search_term_string\"}}],\"inLanguage\":\"es\"},{\"@type\":\"Organization\",\"@id\":\"https:\/\/www.gestocks.cat\/es\/#organization\",\"name\":\"Gestocks, log\u00edstica integral\",\"url\":\"https:\/\/www.gestocks.cat\/es\/\",\"logo\":{\"@type\":\"ImageObject\",\"inLanguage\":\"es\",\"@id\":\"https:\/\/www.gestocks.cat\/es\/#\/schema\/logo\/image\/\",\"url\":\"https:\/\/www.gestocks.cat\/wp-content\/uploads\/2016\/05\/LOGO-150.jpg\",\"contentUrl\":\"https:\/\/www.gestocks.cat\/wp-content\/uploads\/2016\/05\/LOGO-150.jpg\",\"width\":150,\"height\":92,\"caption\":\"Gestocks, log\u00edstica integral\"},\"image\":{\"@id\":\"https:\/\/www.gestocks.cat\/es\/#\/schema\/logo\/image\/\"}}]}<\/script>\n<!-- \/ Yoast SEO plugin. -->","yoast_head_json":{"title":"Av\u00eds legal - Gestocks Girona","robots":{"index":"noindex","follow":"nofollow"},"og_locale":"es_ES","og_type":"article","og_title":"Av\u00eds legal - Gestocks Girona","og_url":"https:\/\/www.gestocks.cat\/es\/avis-legal\/","og_site_name":"Gestocks Girona","article_modified_time":"2020-10-23T09:51:21+00:00","twitter_card":"summary_large_image","twitter_misc":{"Tiempo de lectura":"3 minutos"},"schema":{"@context":"https:\/\/schema.org","@graph":[{"@type":"WebPage","@id":"https:\/\/www.gestocks.cat\/es\/avis-legal\/","url":"https:\/\/www.gestocks.cat\/es\/avis-legal\/","name":"Av\u00eds legal - Gestocks Girona","isPartOf":{"@id":"https:\/\/www.gestocks.cat\/es\/#website"},"datePublished":"2017-07-17T09:55:26+00:00","dateModified":"2020-10-23T09:51:21+00:00","breadcrumb":{"@id":"https:\/\/www.gestocks.cat\/es\/avis-legal\/#breadcrumb"},"inLanguage":"es","potentialAction":[{"@type":"ReadAction","target":["https:\/\/www.gestocks.cat\/es\/avis-legal\/"]}]},{"@type":"BreadcrumbList","@id":"https:\/\/www.gestocks.cat\/es\/avis-legal\/#breadcrumb","itemListElement":[{"@type":"ListItem","position":1,"name":"Inici","item":"https:\/\/www.gestocks.cat\/es\/"},{"@type":"ListItem","position":2,"name":"Av\u00eds legal"}]},{"@type":"WebSite","@id":"https:\/\/www.gestocks.cat\/es\/#website","url":"https:\/\/www.gestocks.cat\/es\/","name":"Gestocks Girona","description":"log\u00edstica integral","publisher":{"@id":"https:\/\/www.gestocks.cat\/es\/#organization"},"potentialAction":[{"@type":"SearchAction","target":{"@type":"EntryPoint","urlTemplate":"https:\/\/www.gestocks.cat\/es\/?s={search_term_string}"},"query-input":{"@type":"PropertyValueSpecification","valueRequired":true,"valueName":"search_term_string"}}],"inLanguage":"es"},{"@type":"Organization","@id":"https:\/\/www.gestocks.cat\/es\/#organization","name":"Gestocks, log\u00edstica integral","url":"https:\/\/www.gestocks.cat\/es\/","logo":{"@type":"ImageObject","inLanguage":"es","@id":"https:\/\/www.gestocks.cat\/es\/#\/schema\/logo\/image\/","url":"https:\/\/www.gestocks.cat\/wp-content\/uploads\/2016\/05\/LOGO-150.jpg","contentUrl":"https:\/\/www.gestocks.cat\/wp-content\/uploads\/2016\/05\/LOGO-150.jpg","width":150,"height":92,"caption":"Gestocks, log\u00edstica integral"},"image":{"@id":"https:\/\/www.gestocks.cat\/es\/#\/schema\/logo\/image\/"}}]}},"_links":{"self":[{"href":"https:\/\/www.gestocks.cat\/es\/wp-json\/wp\/v2\/pages\/585","targetHints":{"allow":["GET"]}}],"collection":[{"href":"https:\/\/www.gestocks.cat\/es\/wp-json\/wp\/v2\/pages"}],"about":[{"href":"https:\/\/www.gestocks.cat\/es\/wp-json\/wp\/v2\/types\/page"}],"author":[{"embeddable":true,"href":"https:\/\/www.gestocks.cat\/es\/wp-json\/wp\/v2\/users\/3"}],"replies":[{"embeddable":true,"href":"https:\/\/www.gestocks.cat\/es\/wp-json\/wp\/v2\/comments?post=585"}],"version-history":[{"count":0,"href":"https:\/\/www.gestocks.cat\/es\/wp-json\/wp\/v2\/pages\/585\/revisions"}],"wp:attachment":[{"href":"https:\/\/www.gestocks.cat\/es\/wp-json\/wp\/v2\/media?parent=585"}],"curies":[{"name":"wp","href":"https:\/\/api.w.org\/{rel}","templated":true}]}}